{"id":13366,"date":"2026-03-17T22:06:36","date_gmt":"2026-03-17T21:06:36","guid":{"rendered":"https:\/\/eprocurement.tv\/?page_id=13366"},"modified":"2026-03-23T12:24:53","modified_gmt":"2026-03-23T11:24:53","slug":"obchodni-podminky","status":"publish","type":"page","link":"https:\/\/eprocurement.tv\/pl\/obchodni-podminky\/","title":{"rendered":"Zasady i warunki"},"content":{"rendered":"<h2 class=\"wp-block-heading\" style=\"padding-right:var(--wp--preset--spacing--80);padding-left:var(--wp--preset--spacing--80)\"><strong>Obchodn\u00ed podm\u00ednky projektu eProcurement.TV <\/strong><br><strong>firmy PROEBIZ s.r.o\u00a0<\/strong><\/h2>\n\n\n\n<div class=\"wp-block-group is-nowrap is-layout-flex wp-container-core-group-is-layout-6c531013 wp-block-group-is-layout-flex\">\n<div class=\"wp-block-group alignwide is-vertical is-layout-flex wp-container-core-group-is-layout-f971356e wp-block-group-is-layout-flex\" style=\"margin-top:0;margin-bottom:0;padding-right:var(--wp--preset--spacing--80);padding-left:var(--wp--preset--spacing--80)\">\n<h3 class=\"wp-block-heading has-blue-color has-text-color has-link-color wp-elements-c2a7b1402d88b313f09c9ae2c09aaf1f\" style=\"font-size:25px\"><strong>I. Postanowienia wst\u0119pne <\/strong><\/h3>\n\n\n\n<p><strong>1. <\/strong>Tyto obchodn\u00ed podm\u00ednky upravuj\u00ed zpoplatn\u011bn\u00ed p\u0159\u00edstupu do filmot\u00e9ky eProcurement.TV, JOBs inzerce a prodeje reklamn\u00edho prostoru na webu projektu a ve vys\u00edl\u00e1n\u00ed eProcurement.TV spole\u010dnost PROEBIZ s.r.o. (d\u00e1le jen \u201e<strong>poskytovatel<\/strong>\u201c) a up\u0159es\u0148uj\u00ed pr\u00e1va a povinnosti poskytovatele a objednatele. <\/p>\n\n\n\n<p class=\"translation-block\">2. <strong>eProcurement.TV<\/strong> to internetowa platforma streamingowa dost\u0119pna pod adresem www.eprocurement.tv, za po\u015brednictwem kt\u00f3rej \u015bwiadczone s\u0105 Us\u0142ugi.<\/p>\n\n\n\n<p><strong>3. Registrace: <\/strong>Pro vyu\u017e\u00edv\u00e1n\u00ed Slu\u017eeb je nezbytn\u00e9 vypln\u011bn\u00edm registra\u010dn\u00edho formul\u00e1\u0159e uveden\u00e9ho na eProcurement.TV prov\u00e9st registraci. V registra\u010dn\u00edm formul\u00e1\u0159i objednatel vypln\u00ed po\u017eadovan\u00e9 idenHfika\u010dn\u00ed \u00fadaje a vyj\u00e1d\u0159\u00ed sv\u016fj souhlas s t\u011bmito obchodn\u00edmi podm\u00ednkami a souhlas se zpracov\u00e1n\u00edm osobn\u00edch \u00fadaj\u016f. <\/p>\n\n\n\n<p><strong>4. Slu\u017eby <\/strong>nebo samostatn\u011b <strong>Slu\u017eba <\/strong>ozna\u010duje: <\/p>\n\n\n\n<div class=\"wp-block-group is-nowrap is-layout-flex wp-container-core-group-is-layout-6c531013 wp-block-group-is-layout-flex\">\n<p class=\"has-small-font-size\" style=\"padding-right:var(--wp--preset--spacing--80);padding-left:var(--wp--preset--spacing--80)\"><strong>a. P\u0159edplatn\u00e9 filmot\u00e9ky<\/strong>, kter\u00fdm se rozum\u00ed \u010dasov\u011b omezen\u00fd p\u0159\u00edstup do filmot\u00e9ky eProcurement.TV. <br><strong>b. JOBs <\/strong>inzerc\u00ed se rozum\u00ed poskytnu] inzertn\u00edho prostoru osob\u00e1m, firm\u00e1m a instituc\u00edm ke zve\u0159ejn\u011bn\u00ed pracovn\u00ed person\u00e1ln\u00ed nab\u00eddky nebo popt\u00e1vky. <br><strong>c. Reklama<\/strong>, kterou se rozum\u00ed poskytnu] reklamn\u00edho prostoru na internetov\u00fdch str\u00e1nk\u00e1ch eProcurement.TV, d\u00e1le ve streamech \u2013 filmech nebo mezi jednotliv\u00fdmi filmy a o p\u0159est\u00e1vk\u00e1ch vys\u00edl\u00e1n\u00ed eProcurement.TV. <\/p>\n\n\n\n<p><\/p>\n<\/div>\n\n\n\n<p class=\"translation-block\">5. <strong>Us\u0142ugodawc\u0105<strong> jest firma PROEBIZ s.r.o., z siedzib\u0105 pod adresem Masarykovo n\u00e1m\u011bst\u00ed 52\/33, 702 00 Ostrava \u2013 Moravsk\u00e1 Ostrava, Czechy, REGON: 64616398, NIP: CZ64616398, zarejestrowana w Rejestrze Handlowym prowadzonym przez S\u0105d Okr\u0119gowy w Ostrawie, sekcja C, wpis 9176.<\/p>\n\n\n\n<p class=\"translation-block\">6. <strong>U\u017cytkownikiem<\/strong> (dalej \"U\u017cytkownik\" lub \"Zamawiaj\u0105cy\") mo\u017ce by\u0107 ka\u017cda osoba fizyczna lub prawna, kt\u00f3ra zakupi jedn\u0105 z oferowanych Us\u0142ug eProcurement.TV.<\/p>\n<\/div>\n<\/div>\n\n\n\n<p><\/p>\n\n\n\n<blockquote class=\"wp-block-quote is-layout-flow wp-block-quote-is-layout-flow\">\n<div class=\"wp-block-group has-global-padding is-layout-constrained wp-container-core-group-is-layout-00ce3d01 wp-block-group-is-layout-constrained\" style=\"padding-right:var(--wp--preset--spacing--80);padding-left:var(--wp--preset--spacing--80)\">\n<p class=\"has-blue-color has-text-color has-link-color wp-elements-6fea874fdcd13ef3be575afe245e1ce9\" style=\"font-size:25px\"><br><strong>II. Warunki korzystania z Us\u0142ug <\/strong><\/p>\n\n\n\n<p>1. <strong>P\u0159edplatn\u00e9 filmot\u00e9ky <\/strong>je \u010dasov\u011b omezen\u00fd p\u0159\u00edstup k film\u016fm, podcast\u016fm a ostatn\u00edm materi\u00e1l\u016fm ve filmot\u00e9ce eProcurement.TV. <\/p>\n\n\n\n<div class=\"wp-block-group has-global-padding is-layout-constrained wp-block-group-is-layout-constrained\">\n<div class=\"wp-block-group has-global-padding is-layout-constrained wp-block-group-is-layout-constrained\">\n<div class=\"wp-block-group is-nowrap is-layout-flex wp-container-core-group-is-layout-6c531013 wp-block-group-is-layout-flex\">\n<p class=\"has-small-font-size\" style=\"margin-right:0;margin-left:0;padding-right:var(--wp--preset--spacing--80);padding-left:var(--wp--preset--spacing--80)\">a. <strong>Okam\u017eik po\u010d\u00e1tku poskytnut\u00ed t\u00e9to Slu\u017eby <\/strong>vznik\u00e1 do jednoho pracovn\u00edho dne po vypln\u011bn\u00ed registra\u010dn\u00edho formul\u00e1\u0159e a \u00fahrad\u011b P\u0159edplatn\u00e9ho. <br>b. <strong>Rozsah u\u017eit\u00ed Slu\u017eeb. <\/strong>V\u0161echny Slu\u017eby jsou ur\u010deny v\u00fdhradn\u011b k u\u017ei] Objednatele. Objednateli nevznik\u00e1 opr\u00e1vn\u011bn\u00ed Slu\u017eby pou\u017e\u00edt ke komer\u010dn\u00edm nebo podnikatelsk\u00fdm \u00fa\u010del\u016fm. <br>c. <strong>Funk\u010dnost internetov\u00fdch prohl\u00ed\u017ee\u010d\u016f. <\/strong>Pro plnou funk\u010dnost Slu\u017eeb je t\u0159eba p\u0159ipojen\u00ed k internetu s rychlos] alespo\u0148 3 Mbit\/s.<br>d. <strong>Maxim\u00e1ln\u00ed po\u010det opr\u00e1vn\u011bn\u00fdch u\u017eivatel\u016f<\/strong>, kte\u0159\u00ed mohou pou\u017e\u00edvat plaSormu sou\u010dasn\u011b, je omezen na jeden p\u0159\u00edstup.  <\/p>\n<\/div>\n\n\n\n<p><\/p>\n<\/div>\n<\/div>\n\n\n\n<p><strong>2.<\/strong> <strong>JOBs <\/strong>inzerc\u00ed se rozum\u00ed poskytnu] inzertn\u00edho prostoru osob\u00e1m, firm\u00e1m a instituc\u00edm ke zve\u0159ejn\u011bn\u00ed pracovn\u00ed nab\u00eddky nebo popt\u00e1vky. <\/p>\n\n\n\n<div class=\"wp-block-group has-global-padding is-layout-constrained wp-block-group-is-layout-constrained\">\n<div class=\"wp-block-group has-global-padding is-layout-constrained wp-block-group-is-layout-constrained\">\n<div class=\"wp-block-group is-nowrap is-layout-flex wp-container-core-group-is-layout-6c531013 wp-block-group-is-layout-flex\">\n<p class=\"has-small-font-size\" style=\"padding-right:var(--wp--preset--spacing--80);padding-left:var(--wp--preset--spacing--80)\">e. Objednatel se registruje na webu eProcurement.TV a n\u00e1sledn\u011b s\u00e1m definuje obsah inzer\u00e1tu ke zve\u0159ejn\u011bn\u00ed. <br>f. PROEBIZ si vyhrazuje pr\u00e1vo nezve\u0159ejnit nebo zru\u0161it u\u017e zve\u0159ejn\u011bnou Pracovn\u00ed nab\u00eddku nebo popt\u00e1vku, kter\u00e1 je v rozporu s pr\u00e1vn\u00edm \u0159\u00e1dem \u010cesk\u00e9 republiky, etick\u00fdmi normami nebo dobr\u00fdmi mravy, kter\u00e1 obsahuje pracovn\u00ed p\u0159\u00edle\u017eitost prob\u00edhaj\u00edc\u00ed formou MLM (multi level marketing) nebo po\u0161kozuje dobr\u00e9 jm\u00e9no poskytovatele a t\u0159e]ch osob. <br>g. Objednatel registrac\u00ed a zve\u0159ejn\u011bn\u00edm pracovn\u00ed nab\u00eddky nebo popt\u00e1vky ud\u011bluje poskytovateli souhlas se zpracov\u00e1n\u00edm osobn\u00edch \u00fadaj\u016f na dobu 5 let. Po tomto obdob\u00ed jsou osobn\u00ed \u00fadaje anonymizov\u00e1ny a d\u00e1le vyu\u017e\u00edv\u00e1ny v\u00fdhradn\u011b ke statistick\u00fdm \u00fa\u010del\u016fm. <\/p>\n\n\n\n<div class=\"wp-block-group is-nowrap is-layout-flex wp-container-core-group-is-layout-6c531013 wp-block-group-is-layout-flex\"><\/div>\n<\/div>\n\n\n\n<p><\/p>\n<\/div>\n<\/div>\n\n\n\n<p>3. <strong>Reklama <\/strong>na webu, ve vys\u00edl\u00e1n\u00ed v\u010detn\u011b p\u0159est\u00e1vek a ve filmech prezentovan\u00fdch eProcurement.TV. <\/p>\n\n\n\n<div class=\"wp-block-group has-global-padding is-layout-constrained wp-block-group-is-layout-constrained\">\n<div class=\"wp-block-group is-nowrap is-layout-flex wp-container-core-group-is-layout-6c531013 wp-block-group-is-layout-flex\">\n<p class=\"has-small-font-size\" style=\"padding-right:var(--wp--preset--spacing--80);padding-left:var(--wp--preset--spacing--80)\">h. Reklamou, p\u0159\u00edpadn\u011b reklamn\u00edmi slu\u017ebami se rozum\u00ed zve\u0159ejn\u011bn\u00ed reklamy v eProcurement.TV, p\u0159\u00edpadn\u011b p\u0159\u00edprava a v\u00fdroba reklamn\u00edho materi\u00e1lu. <br>i. Technick\u00e9 podm\u00ednky a parametry a podm\u00ednky zve\u0159ejn\u011bn\u00ed reklamy poskytovatel zve\u0159ej\u0148uje na webu eProcurement.TV. <br>j. PROEBIZ si vyhrazuje pr\u00e1vo nezve\u0159ejnit nebo zru\u0161it u\u017e zve\u0159ejn\u011bn\u00ed reklamy, kter\u00e1 neodpov\u00edd\u00e1 stanoven\u00fdm technick\u00fdm parametr\u016fm, nebo kter\u00e1 je v rozporu s pr\u00e1vn\u00edm \u0159\u00e1dem \u010cesk\u00e9 republiky, etick\u00fdmi normami, dobr\u00fdmi mravy, anebo po\u0161kozuje dobr\u00e9 jm\u00e9no poskytovatele a t\u0159e]ch osob.<\/p>\n\n\n\n<div class=\"wp-block-group is-nowrap is-layout-flex wp-container-core-group-is-layout-6c531013 wp-block-group-is-layout-flex\"><\/div>\n<\/div>\n<\/div>\n<\/div>\n\n\n\n<p><\/p>\n<\/blockquote>\n\n\n\n<p><\/p>\n\n\n\n<div class=\"wp-block-group is-nowrap is-layout-flex wp-container-core-group-is-layout-6c531013 wp-block-group-is-layout-flex\"><\/div>\n\n\n\n<div class=\"wp-block-group has-global-padding is-layout-constrained wp-container-core-group-is-layout-00ce3d01 wp-block-group-is-layout-constrained\" style=\"padding-right:var(--wp--preset--spacing--80);padding-left:var(--wp--preset--spacing--80)\">\n<p><\/p>\n\n\n\n<p class=\"has-blue-color has-text-color has-link-color wp-elements-d213718fdb7040072fb649ddd2430d8f\" style=\"font-size:25px\"><br><strong>III. Ceny i warunki p\u0142atno\u015bci <\/strong><\/p>\n\n\n\n<div class=\"wp-block-group has-global-padding is-layout-constrained wp-block-group-is-layout-constrained\">\n<p class=\"translation-block\">1. <strong>Ceny.<\/strong> Ceny poszczeg\u00f3lnych Us\u0142ug publikowane s\u0105 na stronie internetowej eProcurement.TV.<\/p>\n\n\n\n<p>2. <strong>Mo\u017enost platby. <\/strong>Cenu Slu\u017eby lze uhradit prost\u0159ednictv\u00edm platebn\u00ed br\u00e1ny, kter\u00e1 poskytuje platbu platebn\u00ed kartou nebo rychl\u00fdm bankovn\u00edm p\u0159evodem, nebo pomoc\u00ed jin\u00e9 podporovan\u00e9 platebn\u00ed metody, kter\u00e1 je dostupn\u00e1 na eProcurement.TV. <\/p>\n\n\n\n<p class=\"translation-block\">3. <strong>Faktura elektroniczna<\/strong>. W niekt\u00f3rych przypadkach mo\u017cliwa jest p\u0142atno\u015b\u0107 na podstawie faktury elektronicznej.<\/p>\n\n\n\n<p class=\"has-blue-color has-text-color has-link-color wp-elements-663d5c88f1e012d86f7224b38649a8a1\" style=\"font-size:25px\"><br><strong>IV. Odpowiedzialno\u015b\u0107 <\/strong><\/p>\n\n\n\n<p>1. <strong>Omezen\u00ed odpov\u011bdnosU za v\u00fdpadky p\u0159ipojen\u00ed. <\/strong>I p\u0159es snahu poskytovatele a jeho dodavatel\u016f m\u016f\u017ee doj\u00edt k v\u00fdpadk\u016fm p\u0159i p\u0159ipojen\u00ed se k internetu a v jeho d\u016fsledku k poskytov\u00e1n\u00ed Slu\u017eeb. <strong>eProcurement.TV nen\u00ed <\/strong>povinn\u00e1 hradit \u00fajmy, kter\u00e1 vzniknou poru\u0161en\u00edm t\u011bchto Podm\u00ednek. <\/p>\n\n\n\n<p class=\"has-blue-color has-text-color has-link-color wp-elements-81146156a42af69be9f02c89ae3b42f8\" style=\"font-size:25px\"><strong>V. Reklamacje <\/strong><\/p>\n\n\n\n<p class=\"translation-block\">1. <strong>W przypadku wad w dostarczonych Us\u0142ugach<\/strong>, U\u017cytkownik ma prawo do z\u0142o\u017cenia reklamacji niezw\u0142ocznie, wysy\u0142aj\u0105c wiadomo\u015b\u0107 e-mail na adres <a href=\"mailto:hello@eprocurement.tv\" target=\"_self\">hello@eprocurement.tv<\/a> lub w inny przewidziany prawem spos\u00f3b.<\/p>\n\n\n\n<p><strong>2. Uplatn\u011bn\u00ed vad. <\/strong>Objednatel je povinen uplatnit pr\u00e1va z vad p\u00edsemnou formou. Do p\u00edsemn\u00e9ho zd\u016fvodn\u011bn\u00ed reklamace je objednatel povinen uv\u00e9st v\u0161echny \u00fadaje, kter\u00e9 jsou nezbytn\u00e9 pro p\u0159ezkoum\u00e1n\u00ed jej\u00edho od\u016fvodn\u011bn\u00ed, zejm\u00e9na v\u0161ak: <\/p>\n\n\n\n<div class=\"wp-block-group has-global-padding is-layout-constrained wp-block-group-is-layout-constrained\">\n<div class=\"wp-block-group is-nowrap is-layout-flex wp-container-core-group-is-layout-6c531013 wp-block-group-is-layout-flex\">\n<p class=\"has-small-font-size\" style=\"padding-right:var(--wp--preset--spacing--80);padding-left:var(--wp--preset--spacing--80)\">1. jm\u00e9no, p\u0159\u00edjmen\u00ed a kontaktn\u00ed \u00fadaje (telefon, e-mail), \u010d\u00edslo u\u017eivatelsk\u00e9ho \u00fa\u010dtu <br>2. popis skute\u010dnosti oprav\u0148uj\u00edc\u00edch k uplatn\u011bn\u00ed reklamace <br>3. doklady a dokumenty t\u00fdkaj\u00edc\u00ed se tvrzen\u00fdch skute\u010dnost<\/p>\n\n\n\n<div class=\"wp-block-group is-nowrap is-layout-flex wp-container-core-group-is-layout-6c531013 wp-block-group-is-layout-flex\"><\/div>\n<\/div>\n<\/div>\n\n\n\n<p><\/p>\n\n\n\n<p class=\"has-blue-color has-text-color has-link-color wp-elements-28fe8c48bd376de67d43712b8d3e4cc4\" style=\"font-size:25px\"><strong>VI. Rozwi\u0105zanie umowy i odst\u0105pienie<\/strong> <\/p>\n\n\n\n<p class=\"translation-block\">1. <strong>U\u017cytkownik mo\u017ce rozwi\u0105za\u0107<\/strong> umow\u0119 w dowolnym momencie, przesy\u0142aj\u0105c pisemn\u0105 rezygnacj\u0119 drog\u0105 elektroniczn\u0105 na adres <a href=\"mailto:hello@eprocurement.tv\" target=\"_self\">hello@eprocurement.tv<\/a>. Umowa wygasa z ko\u0144cem bie\u017c\u0105cego okresu subskrypcji.<\/p>\n\n\n\n<p class=\"translation-block\">2. <strong>eProcurement.TV mo\u017ce wypowiedzie\u0107<\/strong> umow\u0119 w przypadku naruszenia przez U\u017cytkownika warunk\u00f3w umowy.<\/p>\n\n\n\n<p><\/p>\n\n\n\n<p class=\"has-blue-color has-text-color has-link-color wp-elements-d8f4fa31585bc04e890149d14b4f34cf\" style=\"font-size:25px\"><strong>VII. Postanowienia ko\u0144cowe <\/strong><\/p>\n\n\n\n<p>1. <strong>Rozhodn\u00e9 pr\u00e1vo. <\/strong>Smlouva a ve\u0161ker\u00e9 vztahy z n\u00ed vypl\u00fdvaj\u00edc\u00ed, v\u010detn\u011b ot\u00e1zek jej\u00edho vzniku a platnosti, se \u0159\u00edd\u00ed pr\u00e1vn\u00edm \u0159\u00e1dem \u010cesk\u00e9 republiky s vylou\u010den\u00edm kolizn\u00edch norem. Pro \u0159e\u0161en\u00ed p\u0159\u00edpadn\u00fdch spor\u016f jsou p\u0159\u00edslu\u0161n\u00e9 soudy \u010cesk\u00e9 republiky. <\/p>\n\n\n\n<p>2. <strong>\u00da\u010dinnost. <\/strong>Tyto Obchodn\u00ed podm\u00ednky nab\u00fdvaj\u00ed platnosH a \u00fa\u010dinnosH dne 11. 9. 2023.<\/p>\n<\/div>\n<\/div>\n\n\n\n<p><\/p>","protected":false},"excerpt":{"rendered":"<p>Obchodn\u00ed podm\u00ednky projektu eProcurement.TV firmy PROEBIZ s.r.o\u00a0 I. \u00davodn\u00ed ustanoven\u00ed 1. Tyto obchodn\u00ed podm\u00ednky upravuj\u00ed zpoplatn\u011bn\u00ed p\u0159\u00edstupu do filmot\u00e9ky eProcurement.TV, JOBs inzerce a prodeje reklamn\u00edho prostoru na webu projektu a ve vys\u00edl\u00e1n\u00ed eProcurement.TV spole\u010dnost PROEBIZ s.r.o. (d\u00e1le jen \u201eposkytovatel\u201c) a up\u0159es\u0148uj\u00ed pr\u00e1va a povinnosti poskytovatele a objednatele. 2. eProcurement.TV je webov\u00e1 streamovac\u00ed platforma dostupn\u00e1 na [&hellip;]<\/p>\n","protected":false},"author":157,"featured_media":0,"parent":0,"menu_order":0,"comment_status":"closed","ping_status":"closed","template":"","meta":{"_acf_changed":false,"inline_featured_image":false,"footnotes":""},"class_list":["post-13366","page","type-page","status-publish","hentry"],"acf":[],"_links":{"self":[{"href":"https:\/\/eprocurement.tv\/pl\/wp-json\/wp\/v2\/pages\/13366","targetHints":{"allow":["GET"]}}],"collection":[{"href":"https:\/\/eprocurement.tv\/pl\/wp-json\/wp\/v2\/pages"}],"about":[{"href":"https:\/\/eprocurement.tv\/pl\/wp-json\/wp\/v2\/types\/page"}],"author":[{"embeddable":true,"href":"https:\/\/eprocurement.tv\/pl\/wp-json\/wp\/v2\/users\/157"}],"replies":[{"embeddable":true,"href":"https:\/\/eprocurement.tv\/pl\/wp-json\/wp\/v2\/comments?post=13366"}],"version-history":[{"count":48,"href":"https:\/\/eprocurement.tv\/pl\/wp-json\/wp\/v2\/pages\/13366\/revisions"}],"predecessor-version":[{"id":13456,"href":"https:\/\/eprocurement.tv\/pl\/wp-json\/wp\/v2\/pages\/13366\/revisions\/13456"}],"wp:attachment":[{"href":"https:\/\/eprocurement.tv\/pl\/wp-json\/wp\/v2\/media?parent=13366"}],"curies":[{"name":"wp","href":"https:\/\/api.w.org\/{rel}","templated":true}]}}