{"id":18,"date":"2023-10-04T17:51:01","date_gmt":"2023-10-04T15:51:01","guid":{"rendered":"http:\/\/eprocurement.marketing-pardubice.cz\/index.php\/default-redirect-page\/"},"modified":"2025-09-18T08:51:56","modified_gmt":"2025-09-18T06:51:56","slug":"default-redirect-page","status":"publish","type":"page","link":"https:\/\/eprocurement.tv\/pl\/default-redirect-page\/","title":{"rendered":"Upozorn\u011bn\u00ed pro neregistrovan\u00e9"},"content":{"rendered":"<style>.kb-row-layout-id18_d11a40-9e > .kt-row-column-wrap{align-content:start;}:where(.kb-row-layout-id18_d11a40-9e > .kt-row-column-wrap) > .wp-block-kadence-column{justify-content:start;}.kb-row-layout-id18_d11a40-9e > .kt-row-column-wrap{column-gap:var(--global-kb-gap-md, 2rem);row-gap:var(--global-kb-gap-md, 2rem);max-width:var(--wp--style--global--content-size);padding-top:var(--global-kb-spacing-sm, 1.5rem);padding-bottom:var(--global-kb-spacing-sm, 1.5rem);grid-template-columns:minmax(0, 1fr);}.kb-row-layout-id18_d11a40-9e > .kt-row-layout-overlay{opacity:0.30;}@media all and (max-width: 1024px){.kb-row-layout-id18_d11a40-9e > .kt-row-column-wrap{grid-template-columns:minmax(0, 1fr);}}@media all and (max-width: 767px){.kb-row-layout-id18_d11a40-9e > .kt-row-column-wrap{grid-template-columns:minmax(0, 1fr);}}<\/style><div class=\"kb-row-layout-wrap kb-row-layout-id18_d11a40-9e alignnone wp-block-kadence-rowlayout\"><div class=\"kt-row-column-wrap kt-has-1-columns kt-row-layout-equal kt-tab-layout-inherit kt-mobile-layout-row kt-row-valign-top kb-theme-content-width\">\n<style>.kadence-column18_8340b7-18 > .kt-inside-inner-col{display:flex;}.kadence-column18_8340b7-18 > .kt-inside-inner-col,.kadence-column18_8340b7-18 > .kt-inside-inner-col:before{border-top-left-radius:0px;border-top-right-radius:0px;border-bottom-right-radius:0px;border-bottom-left-radius:0px;}.kadence-column18_8340b7-18 > .kt-inside-inner-col{column-gap:var(--global-kb-gap-sm, 1rem);}.kadence-column18_8340b7-18 > .kt-inside-inner-col{flex-direction:row;flex-wrap:wrap;align-items:center;justify-content:center;}.kadence-column18_8340b7-18 > .kt-inside-inner-col > *, .kadence-column18_8340b7-18 > .kt-inside-inner-col > figure.wp-block-image, .kadence-column18_8340b7-18 > .kt-inside-inner-col > figure.wp-block-kadence-image{margin-top:0px;margin-bottom:0px;}.kadence-column18_8340b7-18 > .kt-inside-inner-col > .kb-image-is-ratio-size{flex-grow:1;}.kt-row-column-wrap > .kadence-column18_8340b7-18{align-self:center;}.kt-inner-column-height-full:not(.kt-has-1-columns) > .wp-block-kadence-column.kadence-column18_8340b7-18{align-self:auto;}.kt-inner-column-height-full:not(.kt-has-1-columns) > .wp-block-kadence-column.kadence-column18_8340b7-18 > .kt-inside-inner-col{align-items:center;}.kadence-column18_8340b7-18 > .kt-inside-inner-col:before{opacity:0.3;}.kadence-column18_8340b7-18{position:relative;}@media all and (max-width: 1024px){.kt-row-column-wrap > .kadence-column18_8340b7-18{align-self:center;}}@media all and (max-width: 1024px){.kt-inner-column-height-full:not(.kt-has-1-columns) > .wp-block-kadence-column.kadence-column18_8340b7-18{align-self:auto;}}@media all and (max-width: 1024px){.kt-inner-column-height-full:not(.kt-has-1-columns) > .wp-block-kadence-column.kadence-column18_8340b7-18 > .kt-inside-inner-col{align-items:center;}}@media all and (max-width: 1024px){.kadence-column18_8340b7-18 > .kt-inside-inner-col{flex-direction:row;flex-wrap:wrap;align-items:center;justify-content:center;}}@media all and (min-width: 768px) and (max-width: 1024px){.kadence-column18_8340b7-18 > .kt-inside-inner-col > *, .kadence-column18_8340b7-18 > .kt-inside-inner-col > figure.wp-block-image, .kadence-column18_8340b7-18 > .kt-inside-inner-col > figure.wp-block-kadence-image{margin-top:0px;margin-bottom:0px;}.kadence-column18_8340b7-18 > .kt-inside-inner-col > .kb-image-is-ratio-size{flex-grow:1;}}@media all and (max-width: 767px){.kt-row-column-wrap > .kadence-column18_8340b7-18{align-self:center;}.kt-inner-column-height-full:not(.kt-has-1-columns) > .wp-block-kadence-column.kadence-column18_8340b7-18{align-self:auto;}.kt-inner-column-height-full:not(.kt-has-1-columns) > .wp-block-kadence-column.kadence-column18_8340b7-18 > .kt-inside-inner-col{align-items:center;}.kadence-column18_8340b7-18 > .kt-inside-inner-col{flex-direction:row;flex-wrap:wrap;justify-content:flex-start;justify-content:center;}.kadence-column18_8340b7-18 > .kt-inside-inner-col > *, .kadence-column18_8340b7-18 > .kt-inside-inner-col > figure.wp-block-image, .kadence-column18_8340b7-18 > .kt-inside-inner-col > figure.wp-block-kadence-image{margin-top:0px;margin-bottom:0px;}.kadence-column18_8340b7-18 > .kt-inside-inner-col > .kb-image-is-ratio-size{flex-grow:1;}}<\/style>\n<div class=\"wp-block-kadence-column kadence-column18_8340b7-18 kb-section-dir-horizontal\"><div class=\"kt-inside-inner-col\">\n<figure class=\"wp-block-image aligncenter size-full is-resized\"><img loading=\"lazy\" decoding=\"async\" width=\"498\" height=\"281\" src=\"https:\/\/eprocurement.tv\/wp-content\/uploads\/2025\/08\/devices-1.png\" alt=\"\" class=\"wp-image-11555\" style=\"width:586px;height:auto\" srcset=\"https:\/\/eprocurement.tv\/wp-content\/uploads\/2025\/08\/devices-1.png 498w, https:\/\/eprocurement.tv\/wp-content\/uploads\/2025\/08\/devices-1-300x169.png 300w, https:\/\/eprocurement.tv\/wp-content\/uploads\/2025\/08\/devices-1-18x10.png 18w\" sizes=\"auto, (max-width: 498px) 100vw, 498px\" \/><\/figure>\n<\/div><\/div>\n\n<\/div><\/div>\n\n\n<p class=\"has-text-align-center\"><\/p>\n\n\n\n<p class=\"has-text-align-center\"><strong>Tento obsah nen\u00ed voln\u011b dostupn\u00fd.<\/strong><\/p>\n\n\n\n<p class=\"has-text-align-center\"><strong>Pro zp\u0159\u00edstupn\u011bn\u00ed je t\u0159eba<mark style=\"background-color:rgba(0, 0, 0, 0)\" class=\"has-inline-color has-primary-color\"> <\/mark><mark style=\"background-color:rgba(0, 0, 0, 0)\" class=\"has-inline-color has-secondary-color\"><a href=\"\/pl\/eshop\/\">zakoupit p\u0159edplatn\u00e9 nebo p\u0159\u00edslu\u0161n\u00fd kurz<\/a>.<\/mark><\/strong><\/p>\n\n\n\n<p>&nbsp;<\/p>\n\n\n\n<p><\/p>","protected":false},"excerpt":{"rendered":"<p>Tento obsah nen\u00ed voln\u011b dostupn\u00fd. Pro zp\u0159\u00edstupn\u011bn\u00ed je t\u0159eba zakoupit p\u0159edplatn\u00e9 nebo p\u0159\u00edslu\u0161n\u00fd kurz. &nbsp;<\/p>","protected":false},"author":5,"featured_media":0,"parent":0,"menu_order":0,"comment_status":"closed","ping_status":"closed","template":"","meta":{"_acf_changed":false,"inline_featured_image":false,"footnotes":""},"class_list":["post-18","page","type-page","status-publish","hentry"],"acf":[],"_links":{"self":[{"href":"https:\/\/eprocurement.tv\/pl\/wp-json\/wp\/v2\/pages\/18","targetHints":{"allow":["GET"]}}],"collection":[{"href":"https:\/\/eprocurement.tv\/pl\/wp-json\/wp\/v2\/pages"}],"about":[{"href":"https:\/\/eprocurement.tv\/pl\/wp-json\/wp\/v2\/types\/page"}],"author":[{"embeddable":true,"href":"https:\/\/eprocurement.tv\/pl\/wp-json\/wp\/v2\/users\/5"}],"replies":[{"embeddable":true,"href":"https:\/\/eprocurement.tv\/pl\/wp-json\/wp\/v2\/comments?post=18"}],"version-history":[{"count":16,"href":"https:\/\/eprocurement.tv\/pl\/wp-json\/wp\/v2\/pages\/18\/revisions"}],"predecessor-version":[{"id":11880,"href":"https:\/\/eprocurement.tv\/pl\/wp-json\/wp\/v2\/pages\/18\/revisions\/11880"}],"wp:attachment":[{"href":"https:\/\/eprocurement.tv\/pl\/wp-json\/wp\/v2\/media?parent=18"}],"curies":[{"name":"wp","href":"https:\/\/api.w.org\/{rel}","templated":true}]}}