{"id":787,"date":"2023-10-05T07:35:53","date_gmt":"2023-10-05T05:35:53","guid":{"rendered":"http:\/\/eprocurement.marketing-pardubice.cz\/?page_id=787"},"modified":"2026-03-23T10:47:39","modified_gmt":"2026-03-23T09:47:39","slug":"pouzivani-cookies","status":"publish","type":"page","link":"https:\/\/eprocurement.tv\/pl\/pouzivani-cookies\/","title":{"rendered":"Pou\u017e\u00edv\u00e1n\u00ed soubor\u016f cookies"},"content":{"rendered":"<h2 class=\"wp-block-heading\" style=\"margin-right:10rem;margin-left:10rem\">Pou\u017e\u00edv\u00e1n\u00ed soubor\u016f cookies<br><\/h2>\n\n\n\n<p style=\"margin-right:10rem;margin-left:10rem\">U\u017eivatel bere na v\u011bdom\u00ed, \u017ee p\u0159edpokladem \u0159\u00e1dn\u00e9ho provozov\u00e1n\u00ed webov\u00e9 str\u00e1nky www.eprocurement.tv spole\u010dnosti PROEBIZ s.r.o., I\u010c 64616398, Masarykovo n\u00e1m\u011bst\u00ed 33, 702 00 Ostrava (d\u00e1le jen spole\u010dnost PROEBIZ) je vyu\u017eit\u00ed datov\u00fdch soubor\u016f cookies.<br><br><\/p>\n\n\n\n<p style=\"margin-right:10rem;margin-left:10rem\"><strong>I. Co jsou cookies?<\/strong><br><\/p>\n\n\n\n<p style=\"margin-right:10rem;margin-left:10rem\">Cookies jsou mal\u00e9 datov\u00e9 soubory, kter\u00e9 jsou ukl\u00e1d\u00e1ny prost\u0159ednictv\u00edm webov\u00e9ho prohl\u00ed\u017ee\u010de do po\u010d\u00edta\u010de u\u017eivatele. Slou\u017e\u00ed k\u00a0rozli\u0161ov\u00e1n\u00ed jednotliv\u00fdch u\u017eivatel\u016f webu a ukl\u00e1daj\u00ed se do nich u\u017eivatelsk\u00e9 p\u0159edvolby. Pou\u017e\u00edv\u00e1n\u00ed cookies neznamen\u00e1 \u017e\u00e1dn\u00e9 bezpe\u010dnost\u00ed riziko pro po\u010d\u00edta\u010d \u010di jin\u00e9 koncov\u00e9 za\u0159\u00edzen\u00ed (mobil, tablet).<br><br><\/p>\n\n\n\n<p style=\"margin-right:10rem;margin-left:10rem\"><strong>II. Pro\u010d pou\u017e\u00edv\u00e1me cookies?<\/strong><br><\/p>\n\n\n\n<p style=\"margin-right:10rem;margin-left:10rem\">Webov\u00e1 str\u00e1nka www.eprocurement.tv m\u016f\u017ee pomoc\u00ed cookies ulo\u017eit pot\u0159ebn\u00e9 informace na stran\u011b u\u017eivatele a p\u0159i dal\u0161\u00ed n\u00e1v\u0161t\u011bv\u011b je m\u016f\u017ee op\u011btovn\u011b na\u010d\u00edst. D\u00edky tomuto je mo\u017en\u00e9 si nap\u0159\u00edklad pamatovat vybran\u00fd jazyk, udr\u017eovat p\u0159ihl\u00e1\u0161en\u00ed u\u017eivatele a spoustu jin\u00fdch p\u0159\u00edpad\u016f. Tyto soubory jsou d\u016fle\u017eit\u00e9 pro spr\u00e1vn\u00fd chod webov\u00e9 str\u00e1nky www.eprocurement.tv<br><\/p>\n\n\n\n<p style=\"margin-right:10rem;margin-left:10rem\">Spole\u010dnost PROEBIZ respektuje soukrom\u00ed ka\u017ed\u00e9ho jednotlivce, kter\u00fd nav\u0161t\u00edv\u00ed jej\u00ed internetov\u00e9 str\u00e1nky a ve\u0161ker\u00e9 informace shrom\u00e1\u017ed\u011bn\u00e9 b\u011bhem provozov\u00e1n\u00ed webov\u00e9 str\u00e1nky www.eprocurement.tv budou pou\u017eity ke zlep\u0161en\u00ed na\u0161ich slu\u017eeb. Vyu\u017e\u00edv\u00e1me soubory cookies v\u00fdhradn\u011b za \u00fa\u010delem zkvalitn\u011bn\u00ed a zjednodu\u0161en\u00ed pohybu u\u017eivatel\u016f na webov\u00fdch str\u00e1nk\u00e1ch, optimalizace t\u011bchto str\u00e1nek pro jejich u\u017eivatele, d\u00e1le za \u00fa\u010delem zaji\u0161t\u011bn\u00ed lep\u0161\u00edch slu\u017eeb pro n\u00e1v\u0161t\u011bvn\u00edky a tak\u00e9 pro marketingov\u00e9 \u00fa\u010dely.\u00a0 V\u0161e tedy za \u00fa\u010delem zlep\u0161en\u00ed p\u00e9\u010de o sv\u00e9 sou\u010dasn\u00e9 i budouc\u00ed z\u00e1kazn\u00edky.<br><br><\/p>\n\n\n\n<p style=\"margin-right:10rem;margin-left:10rem\"><strong>III. Odm\u00edtnut\u00ed pou\u017e\u00edv\u00e1n\u00ed cookies<\/strong><br><\/p>\n\n\n\n<p style=\"margin-right:10rem;margin-left:10rem\">Pokud si nep\u0159ejete soubory cookies vyu\u017e\u00edvat, je mo\u017en\u00e9 tuto str\u00e1nku opustit nebo nastavit z\u00e1kaz ukl\u00e1d\u00e1n\u00ed cookies ve Va\u0161em prohl\u00ed\u017ee\u010di.<br><\/p>\n\n\n\n<p style=\"margin-right:10rem;margin-left:10rem\">D\u00e1le je mo\u017en\u00e9 pou\u017e\u00edt \u201eanonymn\u00ed prohl\u00ed\u017een\u00ed\u201c (pokud jej V\u00e1\u0161 prohl\u00ed\u017ee\u010d podporuje), kter\u00e9 sma\u017ee cookies po zav\u0159en\u00ed okna webov\u00e9ho prohl\u00ed\u017ee\u010de. Tato ustanoven\u00ed pro pou\u017e\u00edv\u00e1n\u00ed soubor\u016f cookies a ochran\u011b osobn\u00edch \u00fadaj\u016f nab\u00fdvaj\u00ed platnosti a \u00fa\u010dinnosti dne &nbsp;14. 01. 2021.<\/p>","protected":false},"excerpt":{"rendered":"<p>Pou\u017e\u00edv\u00e1n\u00ed soubor\u016f cookies U\u017eivatel bere na v\u011bdom\u00ed, \u017ee p\u0159edpokladem \u0159\u00e1dn\u00e9ho provozov\u00e1n\u00ed webov\u00e9 str\u00e1nky www.eprocurement.tv spole\u010dnosti PROEBIZ s.r.o., I\u010c 64616398, Masarykovo n\u00e1m\u011bst\u00ed 33, 702 00 Ostrava (d\u00e1le jen spole\u010dnost PROEBIZ) je vyu\u017eit\u00ed datov\u00fdch soubor\u016f cookies. I. Co jsou cookies? Cookies jsou mal\u00e9 datov\u00e9 soubory, kter\u00e9 jsou ukl\u00e1d\u00e1ny prost\u0159ednictv\u00edm webov\u00e9ho prohl\u00ed\u017ee\u010de do po\u010d\u00edta\u010de u\u017eivatele. Slou\u017e\u00ed k\u00a0rozli\u0161ov\u00e1n\u00ed jednotliv\u00fdch [&hellip;]<\/p>\n","protected":false},"author":5,"featured_media":0,"parent":0,"menu_order":0,"comment_status":"closed","ping_status":"closed","template":"","meta":{"_acf_changed":false,"inline_featured_image":false,"footnotes":""},"class_list":["post-787","page","type-page","status-publish","hentry"],"acf":[],"_links":{"self":[{"href":"https:\/\/eprocurement.tv\/pl\/wp-json\/wp\/v2\/pages\/787","targetHints":{"allow":["GET"]}}],"collection":[{"href":"https:\/\/eprocurement.tv\/pl\/wp-json\/wp\/v2\/pages"}],"about":[{"href":"https:\/\/eprocurement.tv\/pl\/wp-json\/wp\/v2\/types\/page"}],"author":[{"embeddable":true,"href":"https:\/\/eprocurement.tv\/pl\/wp-json\/wp\/v2\/users\/5"}],"replies":[{"embeddable":true,"href":"https:\/\/eprocurement.tv\/pl\/wp-json\/wp\/v2\/comments?post=787"}],"version-history":[{"count":11,"href":"https:\/\/eprocurement.tv\/pl\/wp-json\/wp\/v2\/pages\/787\/revisions"}],"predecessor-version":[{"id":12313,"href":"https:\/\/eprocurement.tv\/pl\/wp-json\/wp\/v2\/pages\/787\/revisions\/12313"}],"wp:attachment":[{"href":"https:\/\/eprocurement.tv\/pl\/wp-json\/wp\/v2\/media?parent=787"}],"curies":[{"name":"wp","href":"https:\/\/api.w.org\/{rel}","templated":true}]}}