{"id":9299,"date":"2024-05-07T08:11:50","date_gmt":"2024-05-07T06:11:50","guid":{"rendered":"https:\/\/eprocurement.tv\/?page_id=9299"},"modified":"2025-12-04T11:22:48","modified_gmt":"2025-12-04T10:22:48","slug":"partneri-vysilani","status":"publish","type":"page","link":"https:\/\/eprocurement.tv\/pl\/partneri-vysilani\/","title":{"rendered":"Partnerzy"},"content":{"rendered":"<style>.kb-row-layout-id9299_614144-68 > .kt-row-column-wrap{align-content:start;}:where(.kb-row-layout-id9299_614144-68 > .kt-row-column-wrap) > .wp-block-kadence-column{justify-content:start;}.kb-row-layout-id9299_614144-68 > .kt-row-column-wrap{column-gap:var(--global-kb-gap-md, 2rem);row-gap:var(--global-kb-gap-md, 2rem);max-width:var(--wp--style--global--content-size);padding-top:var(--global-kb-spacing-sm, 1.5rem);padding-bottom:var(--global-kb-spacing-sm, 1.5rem);grid-template-columns:minmax(0, 1fr);}.kb-row-layout-id9299_614144-68 > .kt-row-layout-overlay{opacity:0.30;}@media all and (max-width: 1024px){.kb-row-layout-id9299_614144-68 > .kt-row-column-wrap{grid-template-columns:minmax(0, 1fr);}}@media all and (max-width: 767px){.kb-row-layout-id9299_614144-68 > .kt-row-column-wrap{grid-template-columns:minmax(0, 1fr);}}<\/style><div class=\"kb-row-layout-wrap kb-row-layout-id9299_614144-68 alignnone wp-block-kadence-rowlayout\"><div class=\"kt-row-column-wrap kt-has-1-columns kt-row-layout-equal kt-tab-layout-inherit kt-mobile-layout-row kt-row-valign-top kb-theme-content-width\">\n<style>.kadence-column9299_2e2737-95 > .kt-inside-inner-col,.kadence-column9299_2e2737-95 > .kt-inside-inner-col:before{border-top-left-radius:0px;border-top-right-radius:0px;border-bottom-right-radius:0px;border-bottom-left-radius:0px;}.kadence-column9299_2e2737-95 > .kt-inside-inner-col{column-gap:var(--global-kb-gap-sm, 1rem);}.kadence-column9299_2e2737-95 > .kt-inside-inner-col{flex-direction:column;}.kadence-column9299_2e2737-95 > .kt-inside-inner-col > .aligncenter{width:100%;}.kadence-column9299_2e2737-95 > .kt-inside-inner-col:before{opacity:0.3;}.kadence-column9299_2e2737-95{position:relative;}@media all and (max-width: 1024px){.kadence-column9299_2e2737-95 > .kt-inside-inner-col{flex-direction:column;justify-content:center;}}@media all and (max-width: 767px){.kadence-column9299_2e2737-95 > .kt-inside-inner-col{flex-direction:column;justify-content:center;}}<\/style>\n<div class=\"wp-block-kadence-column kadence-column9299_2e2737-95\"><div class=\"kt-inside-inner-col\">\n<h3 class=\"wp-block-heading\">Partne\u0159i<\/h3>\n\n\n\n<p>Projekty, ud\u00e1losti, firmy, poskytovatel\u00e9 a tv\u016frci, kte\u0159\u00ed n\u00e1s podporuj\u00ed, \u0161\u00ed\u0159\u00ed, spolupracuj\u00ed, vyu\u017e\u00edvaj\u00ed nebo umo\u017e\u0148uj\u00ed \u010derpat jejich knowledge.<\/p>\n<\/div><\/div>\n\n\n<style>.kadence-column9299_369092-f0 > .kt-inside-inner-col,.kadence-column9299_369092-f0 > .kt-inside-inner-col:before{border-top-left-radius:0px;border-top-right-radius:0px;border-bottom-right-radius:0px;border-bottom-left-radius:0px;}.kadence-column9299_369092-f0 > .kt-inside-inner-col{column-gap:var(--global-kb-gap-sm, 1rem);}.kadence-column9299_369092-f0 > .kt-inside-inner-col{flex-direction:column;}.kadence-column9299_369092-f0 > .kt-inside-inner-col > .aligncenter{width:100%;}.kadence-column9299_369092-f0 > .kt-inside-inner-col:before{opacity:0.3;}.kadence-column9299_369092-f0{position:relative;}@media all and (max-width: 1024px){.kadence-column9299_369092-f0 > .kt-inside-inner-col{flex-direction:column;justify-content:center;}}@media all and (max-width: 767px){.kadence-column9299_369092-f0 > .kt-inside-inner-col{flex-direction:column;justify-content:center;}}<\/style>\n<div class=\"wp-block-kadence-column kadence-column9299_369092-f0\"><div class=\"kt-inside-inner-col\">\n    <div class=\"grid grid-cols-1 md:grid-cols-2 lg:grid-cols-3 gap-12 mb-20\">\n                                    \n                <div class=\"partners_block_image flex flex-col\">\n                    <a href=\"https:\/\/okiemkupca.pl\/\" target=\"_blank\" rel=\"noopener\" class=\"block\">\n                        <img decoding=\"async\" class=\"partner-image-bkg\" src=\"https:\/\/eprocurement.tv\/wp-content\/uploads\/2024\/06\/okiem.png\"\n                             alt=\"Okiem Kupca\">\n                    <\/a>\n                    <div class=\"flex flex-col flex-grow pt-6\">\n                        <a href=\"https:\/\/okiemkupca.pl\/\" target=\"_blank\" rel=\"noopener\">\n                            <h4 class=\"leading-none\">Okiem Kupca<\/h4>\n                            <span class=\"text-[#7D9BB7]\">&nbsp;<\/span>\n                        <\/a>\n\n                        <div class=\"mt-4 text-sm text-gray-300 flex-grow\">\n                            <div class=\"line-clamp-3\">\n                                                            <\/div>\n                        <\/div>\n\n                        <div class=\"mt-auto pt-4\">\n                            <button data-modal-target=\"partner-modal-9498\"\n                                    class=\"text-blue hover:text-miscellaneous text-sm cursor-pointer\">\n                                Zobrazit v\u00edce...\n                            <\/button>\n                        <\/div>\n                    <\/div>\n                <\/div>\n\n                <div id=\"partner-modal-9498\"\n                     class=\"fixed inset-0 bg-black\/80 z-50 hidden items-center justify-center p-4 modal-overlay\">\n                    <div class=\"bg-bg p-8 rounded-lg max-w-2xl w-full relative modal-content\">\n                        <button data-modal-close=\"partner-modal-9498\"\n                                class=\"absolute top-4 right-4 text-gray-400 hover:text-white cursor-pointer\">&times;\n                        <\/button>\n                        <h3 class=\"text-2xl font-bold mb-4\">Okiem Kupca<\/h3>\n                        <div class=\"prose prose-invert max-w-none\">\n                                                    <\/div>\n                    <\/div>\n                <\/div>\n\n                            \n                <div class=\"partners_block_image flex flex-col\">\n                    <a href=\"https:\/\/pbacademy.cz\/dnt\" target=\"_blank\" rel=\"noopener\" class=\"block\">\n                        <img decoding=\"async\" class=\"partner-image-bkg\" src=\"https:\/\/eprocurement.tv\/wp-content\/uploads\/2023\/10\/dnt.png\"\n                             alt=\"Digit\u00e1ln\u00ed n\u00e1kupn\u00ed t\u00fdm\">\n                    <\/a>\n                    <div class=\"flex flex-col flex-grow pt-6\">\n                        <a href=\"https:\/\/pbacademy.cz\/dnt\" target=\"_blank\" rel=\"noopener\">\n                            <h4 class=\"leading-none\">Digit\u00e1ln\u00ed n\u00e1kupn\u00ed t\u00fdm<\/h4>\n                            <span class=\"text-[#7D9BB7]\">&nbsp;<\/span>\n                        <\/a>\n\n                        <div class=\"mt-4 text-sm text-gray-300 flex-grow\">\n                            <div class=\"line-clamp-3\">\n                                \n<p>Modern\u00ed n\u00e1kupn\u00ed kurz v\u00e1s provede cel\u00fdm n\u00e1kupn\u00edm procesem se zam\u011b\u0159en\u00edm na pokro\u010dilou digitalizaci a automatizaci a jejich vyu\u017eit\u00ed v sou\u010dasn\u00e9 n\u00e1kupn\u00ed praxi. Jedine\u010dnost kurzu je umocn\u011bna t\u00edm, \u017ee v r\u00e1mci ka\u017ed\u00e9ho modulu vystupuj\u00ed tak\u00e9 p\u0159edn\u00ed poskytovatele \u0159e\u0161en\u00ed pro digitalizaci procurementu s praktick\u00fdmi uk\u00e1zkami nejmodern\u011bj\u0161\u00edch mo\u017enost\u00ed.<\/p>\n\n\n\n<p><\/p>\n                            <\/div>\n                        <\/div>\n\n                        <div class=\"mt-auto pt-4\">\n                            <button data-modal-target=\"partner-modal-4539\"\n                                    class=\"text-blue hover:text-miscellaneous text-sm cursor-pointer\">\n                                Zobrazit v\u00edce...\n                            <\/button>\n                        <\/div>\n                    <\/div>\n                <\/div>\n\n                <div id=\"partner-modal-4539\"\n                     class=\"fixed inset-0 bg-black\/80 z-50 hidden items-center justify-center p-4 modal-overlay\">\n                    <div class=\"bg-bg p-8 rounded-lg max-w-2xl w-full relative modal-content\">\n                        <button data-modal-close=\"partner-modal-4539\"\n                                class=\"absolute top-4 right-4 text-gray-400 hover:text-white cursor-pointer\">&times;\n                        <\/button>\n                        <h3 class=\"text-2xl font-bold mb-4\">Digit\u00e1ln\u00ed n\u00e1kupn\u00ed t\u00fdm<\/h3>\n                        <div class=\"prose prose-invert max-w-none\">\n                            \n<p>Modern\u00ed n\u00e1kupn\u00ed kurz v\u00e1s provede cel\u00fdm n\u00e1kupn\u00edm procesem se zam\u011b\u0159en\u00edm na pokro\u010dilou digitalizaci a automatizaci a jejich vyu\u017eit\u00ed v sou\u010dasn\u00e9 n\u00e1kupn\u00ed praxi. Jedine\u010dnost kurzu je umocn\u011bna t\u00edm, \u017ee v r\u00e1mci ka\u017ed\u00e9ho modulu vystupuj\u00ed tak\u00e9 p\u0159edn\u00ed poskytovatele \u0159e\u0161en\u00ed pro digitalizaci procurementu s praktick\u00fdmi uk\u00e1zkami nejmodern\u011bj\u0161\u00edch mo\u017enost\u00ed.<\/p>\n\n\n\n<p><\/p>\n                        <\/div>\n                    <\/div>\n                <\/div>\n\n                            \n                <div class=\"partners_block_image flex flex-col\">\n                    <a href=\"https:\/\/pbacademy.cz\/dzt\" target=\"_blank\" rel=\"noopener\" class=\"block\">\n                        <img decoding=\"async\" class=\"partner-image-bkg\" src=\"https:\/\/eprocurement.tv\/wp-content\/uploads\/2023\/10\/dzt.png\"\n                             alt=\"Digit\u00e1ln\u00ed zak\u00e1zk\u00e1\u0159sk\u00fd t\u00fdm\">\n                    <\/a>\n                    <div class=\"flex flex-col flex-grow pt-6\">\n                        <a href=\"https:\/\/pbacademy.cz\/dzt\" target=\"_blank\" rel=\"noopener\">\n                            <h4 class=\"leading-none\">Digit\u00e1ln\u00ed zak\u00e1zk\u00e1\u0159sk\u00fd t\u00fdm<\/h4>\n                            <span class=\"text-[#7D9BB7]\">&nbsp;<\/span>\n                        <\/a>\n\n                        <div class=\"mt-4 text-sm text-gray-300 flex-grow\">\n                            <div class=\"line-clamp-3\">\n                                \n<p>Unik\u00e1tn\u00ed certifikovan\u00fd kurz vznikl\u00fd z podn\u011btu specialist\u016f na zad\u00e1v\u00e1n\u00ed ve\u0159ejn\u00fdch zak\u00e1zek v r\u00e1mci PROCUREMENT BOARDu, na z\u00e1klad\u011b doporu\u010den\u00ed Evropsk\u00e9 komise a ve spolupr\u00e1ci s Ministerstvem pro m\u00edstn\u00ed rozvoj \u010cR. V 11 modulech se v pr\u016fb\u011bhu semestru stanete specialisty na oblast zad\u00e1v\u00e1n\u00ed ve\u0159ejn\u00fdch zak\u00e1zek i se v\u0161emi p\u0159idru\u017een\u00fdmi oblastmi.&nbsp;<\/p>\n                            <\/div>\n                        <\/div>\n\n                        <div class=\"mt-auto pt-4\">\n                            <button data-modal-target=\"partner-modal-4537\"\n                                    class=\"text-blue hover:text-miscellaneous text-sm cursor-pointer\">\n                                Zobrazit v\u00edce...\n                            <\/button>\n                        <\/div>\n                    <\/div>\n                <\/div>\n\n                <div id=\"partner-modal-4537\"\n                     class=\"fixed inset-0 bg-black\/80 z-50 hidden items-center justify-center p-4 modal-overlay\">\n                    <div class=\"bg-bg p-8 rounded-lg max-w-2xl w-full relative modal-content\">\n                        <button data-modal-close=\"partner-modal-4537\"\n                                class=\"absolute top-4 right-4 text-gray-400 hover:text-white cursor-pointer\">&times;\n                        <\/button>\n                        <h3 class=\"text-2xl font-bold mb-4\">Digit\u00e1ln\u00ed zak\u00e1zk\u00e1\u0159sk\u00fd t\u00fdm<\/h3>\n                        <div class=\"prose prose-invert max-w-none\">\n                            \n<p>Unik\u00e1tn\u00ed certifikovan\u00fd kurz vznikl\u00fd z podn\u011btu specialist\u016f na zad\u00e1v\u00e1n\u00ed ve\u0159ejn\u00fdch zak\u00e1zek v r\u00e1mci PROCUREMENT BOARDu, na z\u00e1klad\u011b doporu\u010den\u00ed Evropsk\u00e9 komise a ve spolupr\u00e1ci s Ministerstvem pro m\u00edstn\u00ed rozvoj \u010cR. V 11 modulech se v pr\u016fb\u011bhu semestru stanete specialisty na oblast zad\u00e1v\u00e1n\u00ed ve\u0159ejn\u00fdch zak\u00e1zek i se v\u0161emi p\u0159idru\u017een\u00fdmi oblastmi.&nbsp;<\/p>\n                        <\/div>\n                    <\/div>\n                <\/div>\n\n                            \n                <div class=\"partners_block_image flex flex-col\">\n                    <a href=\"https:\/\/www.proebiz.com\/\" target=\"_blank\" rel=\"noopener\" class=\"block\">\n                        <img decoding=\"async\" class=\"partner-image-bkg\" src=\"https:\/\/eprocurement.tv\/wp-content\/uploads\/2023\/10\/proe.png\"\n                             alt=\"PROEBIZ\">\n                    <\/a>\n                    <div class=\"flex flex-col flex-grow pt-6\">\n                        <a href=\"https:\/\/www.proebiz.com\/\" target=\"_blank\" rel=\"noopener\">\n                            <h4 class=\"leading-none\">PROEBIZ<\/h4>\n                            <span class=\"text-[#7D9BB7]\">&nbsp;<\/span>\n                        <\/a>\n\n                        <div class=\"mt-4 text-sm text-gray-300 flex-grow\">\n                            <div class=\"line-clamp-3\">\n                                \n<p>PROEBIZ je t\u00fdm specialist\u016f, know-how a n\u011bkolika softwarov\u00fdch aplikac\u00ed specializovan\u00fdch na digitalizaci ve\u0159ejn\u00fdch zak\u00e1zek a firemn\u00edho n\u00e1kupu.<\/p>\n                            <\/div>\n                        <\/div>\n\n                        <div class=\"mt-auto pt-4\">\n                            <button data-modal-target=\"partner-modal-4430\"\n                                    class=\"text-blue hover:text-miscellaneous text-sm cursor-pointer\">\n                                Zobrazit v\u00edce...\n                            <\/button>\n                        <\/div>\n                    <\/div>\n                <\/div>\n\n                <div id=\"partner-modal-4430\"\n                     class=\"fixed inset-0 bg-black\/80 z-50 hidden items-center justify-center p-4 modal-overlay\">\n                    <div class=\"bg-bg p-8 rounded-lg max-w-2xl w-full relative modal-content\">\n                        <button data-modal-close=\"partner-modal-4430\"\n                                class=\"absolute top-4 right-4 text-gray-400 hover:text-white cursor-pointer\">&times;\n                        <\/button>\n                        <h3 class=\"text-2xl font-bold mb-4\">PROEBIZ<\/h3>\n                        <div class=\"prose prose-invert max-w-none\">\n                            \n<p>PROEBIZ je t\u00fdm specialist\u016f, know-how a n\u011bkolika softwarov\u00fdch aplikac\u00ed specializovan\u00fdch na digitalizaci ve\u0159ejn\u00fdch zak\u00e1zek a firemn\u00edho n\u00e1kupu.<\/p>\n                        <\/div>\n                    <\/div>\n                <\/div>\n\n                            \n                <div class=\"partners_block_image flex flex-col\">\n                    <a href=\"https:\/\/ebizforum.com\/\" target=\"_blank\" rel=\"noopener\" class=\"block\">\n                        <img decoding=\"async\" class=\"partner-image-bkg\" src=\"https:\/\/eprocurement.tv\/wp-content\/uploads\/2023\/10\/eBF.png\"\n                             alt=\"eBF\">\n                    <\/a>\n                    <div class=\"flex flex-col flex-grow pt-6\">\n                        <a href=\"https:\/\/ebizforum.com\/\" target=\"_blank\" rel=\"noopener\">\n                            <h4 class=\"leading-none\">eBF<\/h4>\n                            <span class=\"text-[#7D9BB7]\">&nbsp;<\/span>\n                        <\/a>\n\n                        <div class=\"mt-4 text-sm text-gray-300 flex-grow\">\n                            <div class=\"line-clamp-3\">\n                                \n<p>Sd\u00edlen\u00ed znalost\u00ed o digitalizaci n\u00e1kupu a zak\u00e1zek v neopakovateln\u00e9 atmosf\u00e9\u0159e&nbsp;festivalu. C\u00edlen\u00e1 procesn\u00ed inspirace firemn\u00edho n\u00e1kupu a ve\u0159ejn\u00fdch zak\u00e1zek. Jedine\u010dnost eBF je v propojen\u00ed specialist\u016f firemn\u00edho n\u00e1kupu a ve\u0159ejn\u00fdch zak\u00e1zek, kte\u0159\u00ed se sv\u00fdmi n\u00e1zory mohou vz\u00e1jemn\u011b ovliv\u0148ovat a \u010derpaj\u00ed n\u00e1m\u011bty pro \u0159e\u0161en\u00ed vlastn\u00ed problematiky.&nbsp;<\/p>\n                            <\/div>\n                        <\/div>\n\n                        <div class=\"mt-auto pt-4\">\n                            <button data-modal-target=\"partner-modal-4429\"\n                                    class=\"text-blue hover:text-miscellaneous text-sm cursor-pointer\">\n                                Zobrazit v\u00edce...\n                            <\/button>\n                        <\/div>\n                    <\/div>\n                <\/div>\n\n                <div id=\"partner-modal-4429\"\n                     class=\"fixed inset-0 bg-black\/80 z-50 hidden items-center justify-center p-4 modal-overlay\">\n                    <div class=\"bg-bg p-8 rounded-lg max-w-2xl w-full relative modal-content\">\n                        <button data-modal-close=\"partner-modal-4429\"\n                                class=\"absolute top-4 right-4 text-gray-400 hover:text-white cursor-pointer\">&times;\n                        <\/button>\n                        <h3 class=\"text-2xl font-bold mb-4\">eBF<\/h3>\n                        <div class=\"prose prose-invert max-w-none\">\n                            \n<p>Sd\u00edlen\u00ed znalost\u00ed o digitalizaci n\u00e1kupu a zak\u00e1zek v neopakovateln\u00e9 atmosf\u00e9\u0159e&nbsp;festivalu. C\u00edlen\u00e1 procesn\u00ed inspirace firemn\u00edho n\u00e1kupu a ve\u0159ejn\u00fdch zak\u00e1zek. Jedine\u010dnost eBF je v propojen\u00ed specialist\u016f firemn\u00edho n\u00e1kupu a ve\u0159ejn\u00fdch zak\u00e1zek, kte\u0159\u00ed se sv\u00fdmi n\u00e1zory mohou vz\u00e1jemn\u011b ovliv\u0148ovat a \u010derpaj\u00ed n\u00e1m\u011bty pro \u0159e\u0161en\u00ed vlastn\u00ed problematiky.&nbsp;<\/p>\n                        <\/div>\n                    <\/div>\n                <\/div>\n\n                            \n                <div class=\"partners_block_image flex flex-col\">\n                    <a href=\"https:\/\/www.studio107.cz\/\" target=\"_blank\" rel=\"noopener\" class=\"block\">\n                        <img decoding=\"async\" class=\"partner-image-bkg\" src=\"https:\/\/eprocurement.tv\/wp-content\/uploads\/2024\/06\/studio.png\"\n                             alt=\"Studio 107\">\n                    <\/a>\n                    <div class=\"flex flex-col flex-grow pt-6\">\n                        <a href=\"https:\/\/www.studio107.cz\/\" target=\"_blank\" rel=\"noopener\">\n                            <h4 class=\"leading-none\">Studio 107<\/h4>\n                            <span class=\"text-[#7D9BB7]\">&nbsp;<\/span>\n                        <\/a>\n\n                        <div class=\"mt-4 text-sm text-gray-300 flex-grow\">\n                            <div class=\"line-clamp-3\">\n                                \n<p>Jsme mal\u00fd, ale sehran\u00fd t\u00fdm, kter\u00fd pro V\u00e1s nat\u00e1\u010d\u00ed, st\u0159\u00edh\u00e1 a\u00a0produkuje kvalitn\u00ed videopo\u0159ady. T\u00fdm, kter\u00fd se rozv\u00edj\u00ed, u\u010d\u00ed a\u00a0zkvalit\u0148uje sv\u00e9 slu\u017eby pro v\u00e1s, na\u0161e spokojen\u00e9 z\u00e1kazn\u00edky.<\/p>\n                            <\/div>\n                        <\/div>\n\n                        <div class=\"mt-auto pt-4\">\n                            <button data-modal-target=\"partner-modal-9494\"\n                                    class=\"text-blue hover:text-miscellaneous text-sm cursor-pointer\">\n                                Zobrazit v\u00edce...\n                            <\/button>\n                        <\/div>\n                    <\/div>\n                <\/div>\n\n                <div id=\"partner-modal-9494\"\n                     class=\"fixed inset-0 bg-black\/80 z-50 hidden items-center justify-center p-4 modal-overlay\">\n                    <div class=\"bg-bg p-8 rounded-lg max-w-2xl w-full relative modal-content\">\n                        <button data-modal-close=\"partner-modal-9494\"\n                                class=\"absolute top-4 right-4 text-gray-400 hover:text-white cursor-pointer\">&times;\n                        <\/button>\n                        <h3 class=\"text-2xl font-bold mb-4\">Studio 107<\/h3>\n                        <div class=\"prose prose-invert max-w-none\">\n                            \n<p>Jsme mal\u00fd, ale sehran\u00fd t\u00fdm, kter\u00fd pro V\u00e1s nat\u00e1\u010d\u00ed, st\u0159\u00edh\u00e1 a\u00a0produkuje kvalitn\u00ed videopo\u0159ady. T\u00fdm, kter\u00fd se rozv\u00edj\u00ed, u\u010d\u00ed a\u00a0zkvalit\u0148uje sv\u00e9 slu\u017eby pro v\u00e1s, na\u0161e spokojen\u00e9 z\u00e1kazn\u00edky.<\/p>\n                        <\/div>\n                    <\/div>\n                <\/div>\n\n                            \n                <div class=\"partners_block_image flex flex-col\">\n                    <a href=\"https:\/\/www.marketplanet.pl\/\" target=\"_blank\" rel=\"noopener\" class=\"block\">\n                        <img decoding=\"async\" class=\"partner-image-bkg\" src=\"https:\/\/eprocurement.tv\/wp-content\/uploads\/2024\/06\/market.png\"\n                             alt=\"Marketplanet\">\n                    <\/a>\n                    <div class=\"flex flex-col flex-grow pt-6\">\n                        <a href=\"https:\/\/www.marketplanet.pl\/\" target=\"_blank\" rel=\"noopener\">\n                            <h4 class=\"leading-none\">Marketplanet<\/h4>\n                            <span class=\"text-[#7D9BB7]\">&nbsp;<\/span>\n                        <\/a>\n\n                        <div class=\"mt-4 text-sm text-gray-300 flex-grow\">\n                            <div class=\"line-clamp-3\">\n                                \n<p>At Markeplanet we are convinced that\u00a0it is possible to combine passion, business and\u00a0goals that are important to\u00a0everyone who works with us. This is why we create software for\u00a0professionals. Marketplanet is\u00a0a meeting place for experts and\u00a0partners who\u00a0want to make the B2B world &#8211; digital. We create B2B e-commerce solutions to make\u00a0everyone&#8217;s work easier and simpler.<\/p>\n                            <\/div>\n                        <\/div>\n\n                        <div class=\"mt-auto pt-4\">\n                            <button data-modal-target=\"partner-modal-9490\"\n                                    class=\"text-blue hover:text-miscellaneous text-sm cursor-pointer\">\n                                Zobrazit v\u00edce...\n                            <\/button>\n                        <\/div>\n                    <\/div>\n                <\/div>\n\n                <div id=\"partner-modal-9490\"\n                     class=\"fixed inset-0 bg-black\/80 z-50 hidden items-center justify-center p-4 modal-overlay\">\n                    <div class=\"bg-bg p-8 rounded-lg max-w-2xl w-full relative modal-content\">\n                        <button data-modal-close=\"partner-modal-9490\"\n                                class=\"absolute top-4 right-4 text-gray-400 hover:text-white cursor-pointer\">&times;\n                        <\/button>\n                        <h3 class=\"text-2xl font-bold mb-4\">Marketplanet<\/h3>\n                        <div class=\"prose prose-invert max-w-none\">\n                            \n<p>At Markeplanet we are convinced that\u00a0it is possible to combine passion, business and\u00a0goals that are important to\u00a0everyone who works with us. This is why we create software for\u00a0professionals. Marketplanet is\u00a0a meeting place for experts and\u00a0partners who\u00a0want to make the B2B world &#8211; digital. We create B2B e-commerce solutions to make\u00a0everyone&#8217;s work easier and simpler.<\/p>\n                        <\/div>\n                    <\/div>\n                <\/div>\n\n                                    <\/div>\n\n    \n<\/div><\/div>\n\n<\/div><\/div>","protected":false},"excerpt":{"rendered":"<p>Partne\u0159i Projekty, ud\u00e1losti, firmy, poskytovatel\u00e9 a tv\u016frci, kte\u0159\u00ed n\u00e1s podporuj\u00ed, \u0161\u00ed\u0159\u00ed, spolupracuj\u00ed, vyu\u017e\u00edvaj\u00ed nebo umo\u017e\u0148uj\u00ed \u010derpat jejich knowledge.<\/p>","protected":false},"author":5,"featured_media":0,"parent":0,"menu_order":0,"comment_status":"closed","ping_status":"closed","template":"","meta":{"_acf_changed":false,"inline_featured_image":false,"footnotes":""},"class_list":["post-9299","page","type-page","status-publish","hentry"],"acf":[],"_links":{"self":[{"href":"https:\/\/eprocurement.tv\/pl\/wp-json\/wp\/v2\/pages\/9299","targetHints":{"allow":["GET"]}}],"collection":[{"href":"https:\/\/eprocurement.tv\/pl\/wp-json\/wp\/v2\/pages"}],"about":[{"href":"https:\/\/eprocurement.tv\/pl\/wp-json\/wp\/v2\/types\/page"}],"author":[{"embeddable":true,"href":"https:\/\/eprocurement.tv\/pl\/wp-json\/wp\/v2\/users\/5"}],"replies":[{"embeddable":true,"href":"https:\/\/eprocurement.tv\/pl\/wp-json\/wp\/v2\/comments?post=9299"}],"version-history":[{"count":10,"href":"https:\/\/eprocurement.tv\/pl\/wp-json\/wp\/v2\/pages\/9299\/revisions"}],"predecessor-version":[{"id":12740,"href":"https:\/\/eprocurement.tv\/pl\/wp-json\/wp\/v2\/pages\/9299\/revisions\/12740"}],"wp:attachment":[{"href":"https:\/\/eprocurement.tv\/pl\/wp-json\/wp\/v2\/media?parent=9299"}],"curies":[{"name":"wp","href":"https:\/\/api.w.org\/{rel}","templated":true}]}}